{"id":19,"date":"2020-10-27T20:26:17","date_gmt":"2020-10-27T20:26:17","guid":{"rendered":"https:\/\/abogadomendez.com\/?page_id=19"},"modified":"2026-02-15T22:27:27","modified_gmt":"2026-02-15T22:27:27","slug":"st","status":"publish","type":"page","link":"https:\/\/abogadomendez.com\/en\/","title":{"rendered":"Lawyers of Faith"},"content":{"rendered":"<div class=\"wpb-content-wrapper\"><div class=\"vc_row wpb_row vc_row-fluid\"><div class=\"wpb_column vc_column_container vc_col-sm-12 vc_col-xs-offset-1 vc_col-xs-1\"><div class=\"vc_column-inner\"><div class=\"wpb_wrapper\">\n\t<div class=\"wpb_raw_code wpb_raw_html wpb_content_element\" >\n\t\t<div class=\"wpb_wrapper\">\n\t\t\t\n\t\t\t<!-- START Video Hero REVOLUTION SLIDER 6.7.38 --><p class=\"rs-p-wp-fix\"><\/p>\n\t\t\t<rs-module-wrap id=\"rev_slider_57_1_wrapper\" data-source=\"gallery\" style=\"visibility:hidden;background:transparent;padding:0;margin:0px auto;margin-top:0;margin-bottom:0;\">\n\t\t\t\t<rs-module id=\"rev_slider_57_1\" style=\"\" data-version=\"6.7.38\">\n\t\t\t\t\t<rs-slides style=\"overflow: hidden; position: absolute;\">\n\t\t\t\t\t\t<rs-slide style=\"position: absolute;\" data-key=\"rs-63\" data-title=\"Video\" data-anim=\"ms:500ms;\" data-in=\"o:0;\" data-out=\"a:false;\">\n\t\t\t\t\t\t\t<img decoding=\"async\" src=\"\/\/abogadomendez.com\/wp-content\/plugins\/revslider\/sr6\/assets\/assets\/dummy.png\" alt=\"Video\" title=\"ABOGADO-MENDEZ-ESP_63.jpeg\" width=\"1920\" height=\"1080\" class=\"rev-slidebg tp-rs-img rs-lazyload\" data-lazyload=\"\/\/abogadomendez.com\/wp-content\/plugins\/revslider\/sr6\/assets\/assets\/transparent.png\" data-bg=\"c:#0b1220;\" data-parallax=\"14\" data-no-retina>\n<!--\n\t\t\t\t\t\t\t--><rs-layer\n\t\t\t\t\t\t\t\tid=\"slider-57-slide-63-layer-0\" \n\t\t\t\t\t\t\t\tclass=\"rs-layer-video intrinsic-ignore\"\n\t\t\t\t\t\t\t\tdata-type=\"video\"\n\t\t\t\t\t\t\t\tdata-rsp_ch=\"on\"\n\t\t\t\t\t\t\t\tdata-xy=\"x:c;\"\n\t\t\t\t\t\t\t\tdata-text=\"w:normal;s:20,10,7,4;l:0,13,9,6;\"\n\t\t\t\t\t\t\t\tdata-dim=\"w:1920px,1024px,778px,480px;h:1080px,576px,437px,269px;\"\n\t\t\t\t\t\t\t\tdata-vbility=\"t,t,f,f\"\n\t\t\t\t\t\t\t\tdata-video=\"vfc:true;vd:100;l:false;ptimer:false;\"\n\t\t\t\t\t\t\t\tdata-poster=\"\/\/abogadomendez.com\/wp-content\/uploads\/revslider\/video-media\/ABOGADO-MENDEZ-ESP_63_layer1.jpeg\"\n\t\t\t\t\t\t\t\tdata-mp4=\"\/\/abogadomendez.com\/wp-content\/uploads\/2025\/11\/ABOGADO-MENDEZ-ESP.mp4\"\n\t\t\t\t\t\t\t\tdata-frame_999=\"o:0;st:w;\"\n\t\t\t\t\t\t\t\tstyle=\"z-index:8;\"\n\t\t\t\t\t\t\t>\n\t\t\t\t\t\t\t<\/rs-layer><!--\n\n\t\t\t\t\t\t\t--><rs-layer\n\t\t\t\t\t\t\t\tid=\"slider-57-slide-63-layer-1\" \n\t\t\t\t\t\t\t\tclass=\"rs-layer-video intrinsic-ignore\"\n\t\t\t\t\t\t\t\tdata-type=\"video\"\n\t\t\t\t\t\t\t\tdata-rsp_ch=\"on\"\n\t\t\t\t\t\t\t\tdata-xy=\"x:c;\"\n\t\t\t\t\t\t\t\tdata-text=\"w:normal;s:20,10,7,4;l:0,13,9,6;\"\n\t\t\t\t\t\t\t\tdata-dim=\"w:1920px,1024px,778px,485px;h:1080px,576px,437px,950px;\"\n\t\t\t\t\t\t\t\tdata-vbility=\"f,f,t,t\"\n\t\t\t\t\t\t\t\tdata-video=\"vfc:true;vd:100;l:false;ptimer:false;\"\n\t\t\t\t\t\t\t\tdata-poster=\"\/\/abogadomendez.com\/wp-content\/uploads\/revslider\/video-media\/esp-vert_63_layer.jpeg\"\n\t\t\t\t\t\t\t\tdata-mp4=\"\/\/abogadomendez.com\/wp-content\/uploads\/2025\/10\/esp-vert.mp4\"\n\t\t\t\t\t\t\t\tdata-frame_999=\"o:0;st:w;\"\n\t\t\t\t\t\t\t\tstyle=\"z-index:7;\"\n\t\t\t\t\t\t\t>\n\t\t\t\t\t\t\t<\/rs-layer><!--\n\n\t\t\t\t\t\t\t--><rs-layer\n\t\t\t\t\t\t\t\tid=\"slider-57-slide-63-layer-11\" \n\t\t\t\t\t\t\t\tdata-type=\"shape\"\n\t\t\t\t\t\t\t\tdata-rsp_ch=\"on\"\n\t\t\t\t\t\t\t\tdata-text=\"w:normal;s:20,10,7,4;l:0,13,9,6;\"\n\t\t\t\t\t\t\t\tdata-dim=\"w:100%;h:100%;\"\n\t\t\t\t\t\t\t\tdata-basealign=\"slide\"\n\t\t\t\t\t\t\t\tdata-frame_1=\"e:power2.inOut;sp:500;\"\n\t\t\t\t\t\t\t\tdata-frame_999=\"o:0;e:power2.inOut;st:w;sp:500;sR:8500;\"\n\t\t\t\t\t\t\t\tstyle=\"z-index:4;background-color:rgba(0,0,0,0.05);\"\n\t\t\t\t\t\t\t> \n\t\t\t\t\t\t\t<\/rs-layer><!--\n-->\t\t\t\t\t<\/rs-slide>\n\t\t\t\t\t<\/rs-slides>\n\t\t\t\t<\/rs-module>\n\t\t\t\t<script>\n\t\t\t\t\tsetREVStartSize({c: 'rev_slider_57_1',rl:[1240,1024,778,480],el:[1080,570,472,1080],gw:[1920,1024,778,480],gh:[1080,570,472,1080],type:'hero',justify:'',layout:'fullwidth',mh:\"0\"});if (window.RS_MODULES!==undefined && window.RS_MODULES.modules!==undefined && window.RS_MODULES.modules[\"revslider571\"]!==undefined) {window.RS_MODULES.modules[\"revslider571\"].once = false;window.revapi57 = undefined;if (window.RS_MODULES.checkMinimal!==undefined) window.RS_MODULES.checkMinimal()}\n\t\t\t\t<\/script>\n\t\t\t<\/rs-module-wrap>\n\t\t\t<!-- END REVOLUTION SLIDER -->\n\n\t\t<\/div>\n\t<\/div>\n<\/div><\/div><\/div><\/div><div data-g5element-full-width=\"true\" data-g5element-stretch-content=\"true\" class=\"vc_row wpb_row vc_row-fluid vc_row-no-padding\"><div class=\"wpb_column vc_column_container vc_col-sm-12\"><div class=\"vc_column-inner\"><div class=\"wpb_wrapper\">\n\t<div class=\"wpb_raw_code wpb_raw_html wpb_content_element\" >\n\t\t<div class=\"wpb_wrapper\">\n\t\t\t<!-- LANDING COMPLETA EN ESPA\u00d1OL -->\r\n\r\n<section class=\"am-hero am-page\" aria-labelledby=\"am-hero-title\">\r\n\r\n<style>\r\n:root{\r\n  --am-bg:#0b1220;\r\n  --am-card:#0f1a2e;\r\n  --am-text:#eaf0ff;\r\n  --am-muted:#a9b6d9;\r\n  --am-accent:#2dd4bf;\r\n  --am-accent-2:#60a5fa;\r\n  --am-ring:rgba(45,212,191,.35);\r\n}\r\n\r\n.am-page{background:var(--am-bg);color:var(--am-text)}\r\n.am-wrap{max-width:1100px;margin:auto;padding:2.5rem 1rem}\r\n.am-section{padding:2rem 0}\r\n.am-section--dark{background:linear-gradient(180deg,#0f1a2e,#0b1220)}\r\n.am-section--cta{text-align:center;background:radial-gradient(circle at top,rgba(45,212,191,.2),transparent)}\r\n\r\n.am-h2{font-size:clamp(1.4rem,2vw,2rem);margin-bottom:.5rem}\r\n.am-kicker{color:var(--am-accent);font-weight:600;margin-bottom:1rem}\r\n.am-text{color:var(--am-muted);margin-bottom:1rem;line-height:1.6}\r\n.am-text--emphasis{color:var(--am-text);font-weight:600}\r\n.am-text--highlight{color:var(--am-accent);font-weight:600}\r\n\r\n.am-list{list-style:none;padding:0;margin:1rem 0}\r\n.am-list li{padding-left:1.2rem;position:relative;margin-bottom:.5rem}\r\n.am-list li:before{content:\"\u2022\";position:absolute;left:0;color:var(--am-accent)}\r\n\r\n.am-quotes span{\r\n  display:inline-block;\r\n  background:rgba(96,165,250,.12);\r\n  padding:.5rem .8rem;\r\n  border-radius:.5rem;\r\n  margin:.25rem .25rem .75rem 0;\r\n}\r\n\r\n.am-btn{\r\n  display:inline-flex;align-items:center;justify-content:center;\r\n  padding:.9rem 1.1rem;font-weight:700;border-radius:.8rem;\r\n  text-decoration:none;border:1px solid transparent\r\n}\r\n.am-btn--primary{\r\n  background:linear-gradient(90deg,var(--am-accent),var(--am-accent-2));\r\n  color:#06201e;box-shadow:0 10px 25px var(--am-ring)\r\n}\r\n.am-btn--ghost{\r\n  background:transparent;color:var(--am-text);\r\n  border-color:rgba(255,255,255,.16)\r\n}\r\n\r\n.am-media{\r\n  border-radius:1rem;overflow:hidden;\r\n  background:var(--am-card);\r\n  box-shadow:0 15px 40px rgba(0,0,0,.35)\r\n}\r\n.am-media img{width:100%;height:100%;object-fit:cover;display:block}\r\n\r\n.am-split{display:grid;gap:1.5rem;align-items:center}\r\n@media(min-width:900px){\r\n  .am-split{grid-template-columns:1.1fr 1fr}\r\n  .am-split--reverse{grid-template-columns:1fr 1.1fr}\r\n}\r\n\r\n.am-grid{display:grid;gap:1rem}\r\n@media(min-width:800px){.am-grid{grid-template-columns:1fr 1fr}}\r\n\r\n.am-card{\r\n  background:rgba(15,26,46,.7);\r\n  padding:1.2rem;border-radius:.8rem;\r\n  border:1px solid rgba(255,255,255,.08)\r\n}\r\n.am-card--accent{\r\n  border-color:var(--am-accent);\r\n  box-shadow:0 0 0 1px var(--am-ring)\r\n}\r\n\r\n\/* HERO *\/\r\n.am-hero{\r\n  padding:3rem 1rem;\r\n  background:\r\n  radial-gradient(1200px 500px at 10% -10%, rgba(96,165,250,.25), transparent 60%),\r\n  radial-gradient(900px 400px at 110% 20%, rgba(45,212,191,.15), transparent 60%);\r\n}\r\n.am-hero__inner{\r\n  max-width:1100px;margin:auto;\r\n  display:grid;gap:1.5rem;align-items:center\r\n}\r\n@media(min-width:900px){\r\n  .am-hero__inner{grid-template-columns:1.1fr 1fr}\r\n}\r\n.am-hero__video{\r\n  width:100%;aspect-ratio:16\/9;object-fit:cover;\r\n  border-radius:1rem;background:#000\r\n}\r\n.am-hero__content{\r\n  background:linear-gradient(180deg, rgba(15,26,46,.75), rgba(15,26,46,.55));\r\n  border:1px solid rgba(255,255,255,.06);\r\n  border-radius:1rem;\r\n  padding:1.5rem;\r\n  backdrop-filter:blur(6px)\r\n}\r\n.am-hero__h1{font-size:clamp(1.4rem,2vw,2rem);margin-bottom:.5rem}\r\n.am-hero__sub{color:var(--am-accent);font-weight:600;margin-bottom:.75rem}\r\n.am-hero__body{margin-bottom:1rem;color:var(--am-muted)}\r\n.am-hero__chips{display:flex;gap:.5rem;flex-wrap:wrap;list-style:none;padding:0;margin-top:.5rem}\r\n.am-hero__chips li{\r\n  font-size:.85rem;\r\n  background:rgba(96,165,250,.12);\r\n  padding:.4rem .6rem;\r\n  border-radius:999px;\r\n  border:1px solid rgba(96,165,250,.22)\r\n}\r\n<\/style>\r\n\r\n<div class=\"am-hero__inner\">\r\n\r\n  <figure>\r\n    <video class=\"am-hero__video\" autoplay loop controls playsinline preload=\"metadata\">\r\n      <source src=\"https:\/\/mendezlawoffice.com\/wp-content\/uploads\/2025\/10\/media.mp4\" type=\"video\/mp4\" \/>\r\n    <\/video>\r\n  <\/figure>\r\n\r\n  <div class=\"am-hero__content\">\r\n    <h1 id=\"am-hero-title\" class=\"am-hero__h1\">\r\n      Abogado de Inmigraci\u00f3n en Houston | Matthew Mendez\r\n    <\/h1>\r\n\r\n    <p class=\"am-hero__sub\">\r\n      Durante redadas de ICE, su familia necesita protecci\u00f3n legal.\r\n    <\/p>\r\n\r\n    <p class=\"am-hero__body\">\r\n      Matthew Mendez sabe c\u00f3mo defender a familias contra la deportaci\u00f3n, ayudar a obtener la residencia permanente y guiar a inmigrantes hacia la ciudadan\u00eda estadounidense.\r\n    <\/p>\r\n\r\n    <a href=\"tel:18323232025\" class=\"am-btn am-btn--primary\">\r\n      Consulta gratuita \u2014 Llame hoy: 832.323.2025\r\n    <\/a>\r\n\r\n    <ul class=\"am-hero__chips\">\r\n      <li>Respuesta inmediata<\/li>\r\n      <li>Consultas en espa\u00f1ol<\/li>\r\n      <li>Casos de deportaci\u00f3n<\/li>\r\n    <\/ul>\r\n  <\/div>\r\n\r\n<\/div>\r\n<\/section>\r\n\r\n\r\n<!-- SECCI\u00d3N 1 -->\r\n<section class=\"am-section\">\r\n<div class=\"am-wrap am-split\">\r\n<div>\r\n<h2 class=\"am-h2\">Abogados de Habeas Corpus contra Detenci\u00f3n de ICE<\/h2>\r\n<p class=\"am-kicker\">Admitidos en todos los Tribunales Federales de Texas<\/p>\r\n<p class=\"am-text\">La detenci\u00f3n por ICE no significa que el caso termin\u00f3.<\/p>\r\n<p class=\"am-text\">Cada semana ICE detiene personas en citas rutinarias sin previo aviso.<\/p>\r\n<p class=\"am-text am-text--emphasis\">Ah\u00ed es donde comienza nuestro trabajo.<\/p>\r\n<\/div>\r\n<figure class=\"am-media\">\r\n<img decoding=\"async\" src=\"https:\/\/mendezlawoffice.com\/wp-content\/uploads\/2026\/01\/1.-ESPOSAS.png\">\r\n<\/figure>\r\n<\/div>\r\n<\/section>\r\n\r\n\r\n<!-- SECCI\u00d3N 2 -->\r\n<section class=\"am-section am-section--dark\">\r\n<div class=\"am-wrap am-split am-split--reverse\">\r\n<figure class=\"am-media\">\r\n<img decoding=\"async\" src=\"https:\/\/mendezlawoffice.com\/wp-content\/uploads\/2026\/01\/2.-CONSTITUTION.png\">\r\n<\/figure>\r\n<div>\r\n<h2 class=\"am-h2\">Representaci\u00f3n Federal en Habeas Corpus<\/h2>\r\n<ul class=\"am-list\">\r\n<li>Detenciones en citas rutinarias<\/li>\r\n<li>Falsas alegaciones de detenci\u00f3n obligatoria<\/li>\r\n<li>Negaci\u00f3n de fianza sin autoridad legal<\/li>\r\n<li>Violaciones constitucionales<\/li>\r\n<\/ul>\r\n<p class=\"am-text am-text--highlight\">\r\nEl habeas corpus obliga a ICE a justificarse inmediatamente.\r\n<\/p>\r\n<\/div>\r\n<\/div>\r\n<\/section>\r\n\r\n\r\n<!-- SECCI\u00d3N 3 -->\r\n<section class=\"am-section\">\r\n<div class=\"am-wrap am-split\">\r\n<div>\r\n<h2 class=\"am-h2\">Por Qu\u00e9 el Habeas Corpus Funciona<\/h2>\r\n<ul class=\"am-list\">\r\n<li>Traslada el caso a tribunal federal<\/li>\r\n<li>Obliga a justificaci\u00f3n inmediata<\/li>\r\n<li>Puede generar liberaci\u00f3n urgente<\/li>\r\n<li>Frecuentemente se resuelve en semanas<\/li>\r\n<\/ul>\r\n<\/div>\r\n<figure class=\"am-media\">\r\n<img decoding=\"async\" src=\"https:\/\/mendezlawoffice.com\/wp-content\/uploads\/2026\/01\/4.-HABEAS-CORPUS.png\">\r\n<\/figure>\r\n<\/div>\r\n<\/section>\r\n\r\n\r\n<!-- SECCI\u00d3N 4 -->\r\n<section class=\"am-section am-section--dark\">\r\n<div class=\"am-wrap\">\r\n<h2 class=\"am-h2\">Qu\u00e9 Nos Hace Diferentes<\/h2>\r\n<div class=\"am-grid\">\r\n<div class=\"am-card\">\r\n<h3>La Mayor\u00eda de Abogados<\/h3>\r\n<ul>\r\n<li>No litigan en tribunal federal<\/li>\r\n<li>No presentan habeas corpus<\/li>\r\n<\/ul>\r\n<\/div>\r\n<div class=\"am-card am-card--accent\">\r\n<h3>Nuestra Firma<\/h3>\r\n<ul>\r\n<li>Admitidos en todos los tribunales federales de Texas<\/li>\r\n<li>Habeas corpus es pr\u00e1ctica central<\/li>\r\n<li>Desafiamos detenciones de ICE regularmente<\/li>\r\n<\/ul>\r\n<\/div>\r\n<\/div>\r\n<\/div>\r\n<\/section>\r\n\r\n\r\n<!-- CTA FINAL -->\r\n<section class=\"am-section am-section--cta\">\r\n<div class=\"am-wrap am-split\">\r\n<div>\r\n<h2 class=\"am-h2\">Hable con Nosotros Hoy<\/h2>\r\n<p class=\"am-text\">\r\nLa detenci\u00f3n por ICE es aterradora, pero no es el final del caso.\r\nEl habeas corpus puede ser el camino m\u00e1s r\u00e1pido hacia la libertad.\r\n<\/p>\r\n<a href=\"tel:18323232025\" class=\"am-btn am-btn--primary\">\r\nLlame Ahora \u2014 Acci\u00f3n Federal Inmediata\r\n<\/a>\r\n<\/div>\r\n<figure class=\"am-media\">\r\n<img decoding=\"async\" src=\"https:\/\/mendezlawoffice.com\/wp-content\/uploads\/2025\/01\/Asset-4@2x.png\">\r\n<\/figure>\r\n<\/div>\r\n<\/section>\r\n\n\t\t<\/div>\n\t<\/div>\n<\/div><\/div><\/div><\/div><div class=\"vc_row-full-width vc_clearfix\"><\/div>\n<\/div>","protected":false},"excerpt":{"rendered":"Abogado de Inmigraci\u00f3n en Houston | Matthew Mendez Durante redadas de ICE, su familia necesita protecci\u00f3n legal. Matthew Mendez sabe c\u00f3mo defender a familias contra la deportaci\u00f3n, ayudar a obtener la residencia permanente y guiar a inmigrantes hacia la ciudadan\u00eda estadounidense. Consulta gratuita \u2014 Llame hoy: 832.323.2025 Respuesta inmediata Consultas en espa\u00f1ol Casos de deportaci\u00f3n [...]","protected":false},"author":1,"featured_media":0,"parent":0,"menu_order":0,"comment_status":"closed","ping_status":"closed","template":"","meta":{"footnotes":""},"class_list":["post-19","page","type-page","status-publish","hentry"],"yoast_head":"<!-- This site is optimized with the Yoast SEO plugin v26.2 - https:\/\/yoast.com\/wordpress\/plugins\/seo\/ -->\n<title>Abogados de Fe - Mendez Law Office<\/title>\n<meta name=\"robots\" content=\"index, follow, max-snippet:-1, max-image-preview:large, max-video-preview:-1\" \/>\n<link rel=\"canonical\" href=\"https:\/\/abogadomendez.com\/en\/\" \/>\n<meta property=\"og:locale\" content=\"en_US\" \/>\n<meta property=\"og:type\" content=\"article\" \/>\n<meta property=\"og:title\" content=\"Mendez Law Office - Abogados de Fe\" \/>\n<meta property=\"og:description\" content=\"Abogados de Fe es un equipo comprometido en defender tus derechos con fe y pasi\u00f3n. Creemos en nuestros clientes y en la justicia, y trabajamos arduamente para lograr los mejores resultados. Ya sea que necesites representaci\u00f3n legal en casos civiles o penales, en Abogados de Fe estamos aqu\u00ed para ayudarte. Cont\u00e1ctanos ahora para una consulta gratuita y descubre c\u00f3mo podemos ayudarte a proteger tus intereses\" \/>\n<meta property=\"og:url\" content=\"https:\/\/abogadomendez.com\/en\/\" \/>\n<meta property=\"og:site_name\" content=\"Mendez Law Office\" \/>\n<meta property=\"article:modified_time\" content=\"2026-02-15T22:27:27+00:00\" \/>\n<meta property=\"og:image\" content=\"https:\/\/abogadomendez.com\/wp-content\/uploads\/2024\/08\/FBnews.webp\" \/>\n\t<meta property=\"og:image:width\" content=\"2400\" \/>\n\t<meta property=\"og:image:height\" content=\"1260\" \/>\n\t<meta property=\"og:image:type\" content=\"image\/webp\" \/>\n<meta name=\"twitter:card\" content=\"summary_large_image\" \/>\n<meta name=\"twitter:label1\" content=\"Est. reading time\" \/>\n\t<meta name=\"twitter:data1\" content=\"1 minute\" \/>\n<script type=\"application\/ld+json\" class=\"yoast-schema-graph\">{\"@context\":\"https:\/\/schema.org\",\"@graph\":[{\"@type\":\"WebPage\",\"@id\":\"https:\/\/abogadomendez.com\/\",\"url\":\"https:\/\/abogadomendez.com\/\",\"name\":\"Abogados de Fe - Mendez Law Office\",\"isPartOf\":{\"@id\":\"https:\/\/abogadomendez.com\/#website\"},\"datePublished\":\"2020-10-27T20:26:17+00:00\",\"dateModified\":\"2026-02-15T22:27:27+00:00\",\"breadcrumb\":{\"@id\":\"https:\/\/abogadomendez.com\/#breadcrumb\"},\"inLanguage\":\"en-US\",\"potentialAction\":[{\"@type\":\"ReadAction\",\"target\":[\"https:\/\/abogadomendez.com\/\"]}]},{\"@type\":\"BreadcrumbList\",\"@id\":\"https:\/\/abogadomendez.com\/#breadcrumb\",\"itemListElement\":[{\"@type\":\"ListItem\",\"position\":1,\"name\":\"Home\",\"item\":\"https:\/\/abogadomendez.com\/\"},{\"@type\":\"ListItem\",\"position\":2,\"name\":\"Abogados de Fe\"}]},{\"@type\":\"WebSite\",\"@id\":\"https:\/\/abogadomendez.com\/#website\",\"url\":\"https:\/\/abogadomendez.com\/\",\"name\":\"Mendez Law Office\",\"description\":\"Abogados de Fe\",\"potentialAction\":[{\"@type\":\"SearchAction\",\"target\":{\"@type\":\"EntryPoint\",\"urlTemplate\":\"https:\/\/abogadomendez.com\/?s={search_term_string}\"},\"query-input\":{\"@type\":\"PropertyValueSpecification\",\"valueRequired\":true,\"valueName\":\"search_term_string\"}}],\"inLanguage\":\"en-US\"}]}<\/script>\n<!-- \/ Yoast SEO plugin. -->","yoast_head_json":{"title":"Abogados de Fe - Mendez Law Office","robots":{"index":"index","follow":"follow","max-snippet":"max-snippet:-1","max-image-preview":"max-image-preview:large","max-video-preview":"max-video-preview:-1"},"canonical":"https:\/\/abogadomendez.com\/en\/","og_locale":"en_US","og_type":"article","og_title":"Mendez Law Office - Abogados de Fe","og_description":"Abogados de Fe es un equipo comprometido en defender tus derechos con fe y pasi\u00f3n. Creemos en nuestros clientes y en la justicia, y trabajamos arduamente para lograr los mejores resultados. Ya sea que necesites representaci\u00f3n legal en casos civiles o penales, en Abogados de Fe estamos aqu\u00ed para ayudarte. Cont\u00e1ctanos ahora para una consulta gratuita y descubre c\u00f3mo podemos ayudarte a proteger tus intereses","og_url":"https:\/\/abogadomendez.com\/en\/","og_site_name":"Mendez Law Office","article_modified_time":"2026-02-15T22:27:27+00:00","og_image":[{"width":2400,"height":1260,"url":"https:\/\/abogadomendez.com\/wp-content\/uploads\/2024\/08\/FBnews.webp","type":"image\/webp"}],"twitter_card":"summary_large_image","twitter_misc":{"Est. reading time":"1 minute"},"schema":{"@context":"https:\/\/schema.org","@graph":[{"@type":"WebPage","@id":"https:\/\/abogadomendez.com\/","url":"https:\/\/abogadomendez.com\/","name":"Abogados de Fe - Mendez Law Office","isPartOf":{"@id":"https:\/\/abogadomendez.com\/#website"},"datePublished":"2020-10-27T20:26:17+00:00","dateModified":"2026-02-15T22:27:27+00:00","breadcrumb":{"@id":"https:\/\/abogadomendez.com\/#breadcrumb"},"inLanguage":"en-US","potentialAction":[{"@type":"ReadAction","target":["https:\/\/abogadomendez.com\/"]}]},{"@type":"BreadcrumbList","@id":"https:\/\/abogadomendez.com\/#breadcrumb","itemListElement":[{"@type":"ListItem","position":1,"name":"Home","item":"https:\/\/abogadomendez.com\/"},{"@type":"ListItem","position":2,"name":"Abogados de Fe"}]},{"@type":"WebSite","@id":"https:\/\/abogadomendez.com\/#website","url":"https:\/\/abogadomendez.com\/","name":"Mendez Law Office","description":"Lawyers of Faith","potentialAction":[{"@type":"SearchAction","target":{"@type":"EntryPoint","urlTemplate":"https:\/\/abogadomendez.com\/?s={search_term_string}"},"query-input":{"@type":"PropertyValueSpecification","valueRequired":true,"valueName":"search_term_string"}}],"inLanguage":"en-US"}]}},"_links":{"self":[{"href":"https:\/\/abogadomendez.com\/en\/wp-json\/wp\/v2\/pages\/19","targetHints":{"allow":["GET"]}}],"collection":[{"href":"https:\/\/abogadomendez.com\/en\/wp-json\/wp\/v2\/pages"}],"about":[{"href":"https:\/\/abogadomendez.com\/en\/wp-json\/wp\/v2\/types\/page"}],"author":[{"embeddable":true,"href":"https:\/\/abogadomendez.com\/en\/wp-json\/wp\/v2\/users\/1"}],"replies":[{"embeddable":true,"href":"https:\/\/abogadomendez.com\/en\/wp-json\/wp\/v2\/comments?post=19"}],"version-history":[{"count":86,"href":"https:\/\/abogadomendez.com\/en\/wp-json\/wp\/v2\/pages\/19\/revisions"}],"predecessor-version":[{"id":1045,"href":"https:\/\/abogadomendez.com\/en\/wp-json\/wp\/v2\/pages\/19\/revisions\/1045"}],"wp:attachment":[{"href":"https:\/\/abogadomendez.com\/en\/wp-json\/wp\/v2\/media?parent=19"}],"curies":[{"name":"wp","href":"https:\/\/api.w.org\/{rel}","templated":true}]}}